{"id":9,"date":"2026-03-10T08:55:10","date_gmt":"2026-03-10T08:55:10","guid":{"rendered":"https:\/\/logarkstudio.rkinformatika.online\/?page_id=9"},"modified":"2026-03-23T10:27:19","modified_gmt":"2026-03-23T10:27:19","slug":"inicio","status":"publish","type":"page","link":"https:\/\/logarkstudio.com\/eu\/","title":{"rendered":"Hasiera"},"content":{"rendered":"<div data-elementor-type=\"wp-page\" data-elementor-id=\"9\" class=\"elementor elementor-9\" data-elementor-post-type=\"page\">\n\t\t\t\t<div class=\"elementor-element elementor-element-0685e15 e-flex e-con-boxed e-con e-parent\" data-id=\"0685e15\" data-element_type=\"container\" data-e-type=\"container\" data-settings=\"{&quot;background_background&quot;:&quot;classic&quot;}\">\n\t\t\t\t\t<div class=\"e-con-inner\">\n\t\t\t\t<div class=\"elementor-element elementor-element-6dcafcd elementor-widget elementor-widget-heading\" data-id=\"6dcafcd\" data-element_type=\"widget\" data-e-type=\"widget\" data-widget_type=\"heading.default\">\n\t\t\t\t\t<h2 class=\"elementor-heading-title elementor-size-default\">LOGARK Studio<\/h2>\t\t\t\t<\/div>\n\t\t\t\t<div class=\"elementor-element elementor-element-8df7523 elementor-headline--style-highlight elementor-widget elementor-widget-animated-headline\" data-id=\"8df7523\" data-element_type=\"widget\" data-e-type=\"widget\" data-settings=\"{&quot;marker&quot;:&quot;underline&quot;,&quot;highlighted_text&quot;:&quot;Dise\\u00f1amos y transformamos espacios a medida&quot;,&quot;headline_style&quot;:&quot;highlight&quot;,&quot;loop&quot;:&quot;yes&quot;,&quot;highlight_animation_duration&quot;:1200,&quot;highlight_iteration_delay&quot;:8000}\" data-widget_type=\"animated-headline.default\">\n\t\t\t\t\t\t\t<h3 class=\"elementor-headline\">\n\t\t\t\t<span class=\"elementor-headline-dynamic-wrapper elementor-headline-text-wrapper\">\n\t\t\t\t\t<span class=\"elementor-headline-dynamic-text elementor-headline-text-active\">Neurrira egindako espazioak diseinatu eta eraldatzen ditugu<\/span>\n\t\t\t\t<\/span>\n\t\t\t\t<\/h3>\n\t\t\t\t\t\t<\/div>\n\t\t\t\t<div class=\"elementor-element elementor-element-4a344bd elementor-widget elementor-widget-text-editor\" data-id=\"4a344bd\" data-element_type=\"widget\" data-e-type=\"widget\" data-widget_type=\"text-editor.default\">\n\t\t\t\t\t\t\t\t\t<p>Barne-proiektuak eta erreforma integralak, xehetasun bakoitza zainduz hasierako ideiatik azken gauzatzeraino.<\/p>\t\t\t\t\t\t\t\t<\/div>\n\t\t\t\t<div class=\"elementor-element elementor-element-8e03cc4 elementor-widget elementor-widget-button\" data-id=\"8e03cc4\" data-element_type=\"widget\" data-e-type=\"widget\" data-widget_type=\"button.default\">\n\t\t\t\t\t\t\t\t\t\t<a class=\"elementor-button elementor-button-link elementor-size-sm\" href=\"\/eu\/servicios\/\">\n\t\t\t\t\t\t<span class=\"elementor-button-content-wrapper\">\n\t\t\t\t\t\t\t\t\t<span class=\"elementor-button-text\">Zerbitzuak<\/span>\n\t\t\t\t\t<\/span>\n\t\t\t\t\t<\/a>\n\t\t\t\t\t\t\t\t<\/div>\n\t\t\t\t\t<\/div>\n\t\t\t\t<\/div>\n\t\t<div class=\"elementor-element elementor-element-5a9c605 e-flex e-con-boxed e-con e-parent\" data-id=\"5a9c605\" data-element_type=\"container\" data-e-type=\"container\">\n\t\t\t\t\t<div class=\"e-con-inner\">\n\t\t<div class=\"elementor-element elementor-element-ddb032f e-con-full e-flex e-con e-child\" data-id=\"ddb032f\" data-element_type=\"container\" data-e-type=\"container\">\n\t\t<div class=\"elementor-element elementor-element-a98e4d3 e-con-full e-flex e-con e-child\" data-id=\"a98e4d3\" data-element_type=\"container\" data-e-type=\"container\" data-settings=\"{&quot;background_background&quot;:&quot;classic&quot;}\">\n\t\t\t\t<div class=\"elementor-element elementor-element-6029812 elementor-widget elementor-widget-image\" data-id=\"6029812\" data-element_type=\"widget\" data-e-type=\"widget\" data-widget_type=\"image.default\">\n\t\t\t\t\t\t\t\t\t\t\t\t\t\t\t<img fetchpriority=\"high\" decoding=\"async\" width=\"550\" height=\"282\" src=\"https:\/\/logarkstudio.com\/wp-content\/uploads\/2026\/03\/83ff68a9-cd5b-432f-81e8-90e480dc07e9.png\" class=\"attachment-large size-large wp-image-423\" alt=\"\" srcset=\"https:\/\/logarkstudio.com\/wp-content\/uploads\/2026\/03\/83ff68a9-cd5b-432f-81e8-90e480dc07e9.png 550w, https:\/\/logarkstudio.com\/wp-content\/uploads\/2026\/03\/83ff68a9-cd5b-432f-81e8-90e480dc07e9-300x154.png 300w, https:\/\/logarkstudio.com\/wp-content\/uploads\/2026\/03\/83ff68a9-cd5b-432f-81e8-90e480dc07e9-18x9.png 18w\" sizes=\"(max-width: 550px) 100vw, 550px\" \/>\t\t\t\t\t\t\t\t\t\t\t\t\t\t\t<\/div>\n\t\t\t\t<\/div>\n\t\t<div class=\"elementor-element elementor-element-14dd6cb e-con-full e-flex e-con e-child\" data-id=\"14dd6cb\" data-element_type=\"container\" data-e-type=\"container\">\n\t\t\t\t<div class=\"elementor-element elementor-element-209dc4c elementor-widget elementor-widget-heading\" data-id=\"209dc4c\" data-element_type=\"widget\" data-e-type=\"widget\" data-widget_type=\"heading.default\">\n\t\t\t\t\t<h2 class=\"elementor-heading-title elementor-size-default\">LOGARK Studio<\/h2>\t\t\t\t<\/div>\n\t\t\t\t<div class=\"elementor-element elementor-element-82b75f1 elementor-widget elementor-widget-text-editor\" data-id=\"82b75f1\" data-element_type=\"widget\" data-e-type=\"widget\" data-widget_type=\"text-editor.default\">\n\t\t\t\t\t\t\t\t\t<p data-start=\"283\" data-end=\"529\">LOGARK Studio bizitegi-proiektuen garapenean, erreforma integraletan eta interiorismoan izandako urteetako esperientziaren bilakaera natural gisa sortu zen, oinarri tekniko sendoa eta espazioaren diseinuan eta kalitatean oinarritutako ikuspegia konbinatuz.<\/p><p data-start=\"531\" data-end=\"829\">Arkitekturan eta obren kudeaketan nazioarteko hainbat testuingurutan ibilbide profesional luzea egin ondoren, azterketa ikuspegi hurbilagoa, pertsonalizatuagoa eta zainduagoa eskaintzeko helburuarekin sortu zen, non proiektu bakoitza bakartzat eta bezero bakoitzaren bizimoduari egokitua ulertzen den.<\/p><p data-start=\"831\" data-end=\"1117\">LOGARK Studion proiektu bakoitza prozesu integral gisa ulertzen dugu, bezeroari hasierako ideiatik azken gauzatzeraino lagunduz. Xehetasun bakoitza zaintzen dugu, funtzionaltasunaren, estetikaren eta kalitatearen arteko oreka bilatuz, espazioak benetan biziko diren leku bihurtzeko.<\/p><p data-start=\"1119\" data-end=\"1389\">Gure lana diseinuaren, materialen eta banaketaren arteko harmonian oinarritzen da, denboraz kanpoko giroak, funtzionalak eta nortasun propioa dutenak sortuz. Soluzio koherente, dotore eta iraunkorren alde egiten dugu, betiere proiektuaren fase bakoitzean gertuko laguntzarekin.<\/p>\t\t\t\t\t\t\t\t<\/div>\n\t\t\t\t<\/div>\n\t\t\t\t<\/div>\n\t\t\t\t\t<\/div>\n\t\t\t\t<\/div>\n\t\t<div class=\"elementor-element elementor-element-0cf710f e-flex e-con-boxed e-con e-parent\" data-id=\"0cf710f\" data-element_type=\"container\" data-e-type=\"container\" data-settings=\"{&quot;background_background&quot;:&quot;gradient&quot;,&quot;shape_divider_top&quot;:&quot;tilt&quot;}\">\n\t\t\t\t\t<div class=\"e-con-inner\">\n\t\t\t\t<div class=\"elementor-shape elementor-shape-top\" aria-hidden=\"true\" data-negative=\"false\">\n\t\t\t<svg xmlns=\"http:\/\/www.w3.org\/2000\/svg\" viewbox=\"0 0 1000 100\" preserveaspectratio=\"none\">\n\t<path class=\"elementor-shape-fill\" d=\"M0,6V0h1000v100L0,6z\"\/>\n<\/svg>\t\t<\/div>\n\t\t<div class=\"elementor-element elementor-element-82a4aec e-con-full e-flex e-con e-child\" data-id=\"82a4aec\" data-element_type=\"container\" data-e-type=\"container\" data-settings=\"{&quot;background_background&quot;:&quot;classic&quot;}\">\n\t\t\t\t<div class=\"elementor-element elementor-element-db521b4 elementor-widget elementor-widget-heading\" data-id=\"db521b4\" data-element_type=\"widget\" data-e-type=\"widget\" data-widget_type=\"heading.default\">\n\t\t\t\t\t<h2 class=\"elementor-heading-title elementor-size-default\">Ezagutu zure etxearen alde egin dezakegun guztia<\/h2>\t\t\t\t<\/div>\n\t\t\t\t<div class=\"elementor-element elementor-element-5efef80 elementor-widget elementor-widget-button\" data-id=\"5efef80\" data-element_type=\"widget\" data-e-type=\"widget\" data-widget_type=\"button.default\">\n\t\t\t\t\t\t\t\t\t\t<a class=\"elementor-button elementor-button-link elementor-size-sm\" href=\"\/eu\/servicios\/\">\n\t\t\t\t\t\t<span class=\"elementor-button-content-wrapper\">\n\t\t\t\t\t\t\t\t\t<span class=\"elementor-button-text\">Zerbitzuak<\/span>\n\t\t\t\t\t<\/span>\n\t\t\t\t\t<\/a>\n\t\t\t\t\t\t\t\t<\/div>\n\t\t\t\t<\/div>\n\t\t\t\t\t<\/div>\n\t\t\t\t<\/div>\n\t\t\t\t<\/div>","protected":false},"excerpt":{"rendered":"<p>LOGARK Studio Dise\u00f1amos y transformamos espacios a medida Proyectos de interiorismo y reformas integrales, cuidando cada detalle desde la idea inicial hasta la ejecuci\u00f3n final. Servicios LOGARK Studio LOGARK Studio nace como la evoluci\u00f3n natural de a\u00f1os de experiencia en el desarrollo de proyectos residenciales, reformas integrales e interiorismo, combinando una s\u00f3lida base t\u00e9cnica con [&hellip;]<\/p>\n","protected":false},"author":1,"featured_media":0,"parent":0,"menu_order":0,"comment_status":"closed","ping_status":"closed","template":"elementor_canvas","meta":{"footnotes":""},"class_list":["post-9","page","type-page","status-publish","hentry"],"yoast_head":"<!-- This site is optimized with the Yoast SEO plugin v27.3 - https:\/\/yoast.com\/product\/yoast-seo-wordpress\/ -->\n<title>Inicio - Logar K Studio<\/title>\n<meta name=\"robots\" content=\"index, follow, max-snippet:-1, max-image-preview:large, max-video-preview:-1\" \/>\n<link rel=\"canonical\" href=\"https:\/\/logarkstudio.com\/eu\/\" \/>\n<meta property=\"og:locale\" content=\"en_US\" \/>\n<meta property=\"og:type\" content=\"article\" \/>\n<meta property=\"og:title\" content=\"Inicio - Logar K Studio\" \/>\n<meta property=\"og:description\" content=\"LOGARK Studio Dise\u00f1amos y transformamos espacios a medida Proyectos de interiorismo y reformas integrales, cuidando cada detalle desde la idea inicial hasta la ejecuci\u00f3n final. Servicios LOGARK Studio LOGARK Studio nace como la evoluci\u00f3n natural de a\u00f1os de experiencia en el desarrollo de proyectos residenciales, reformas integrales e interiorismo, combinando una s\u00f3lida base t\u00e9cnica con [&hellip;]\" \/>\n<meta property=\"og:url\" content=\"https:\/\/logarkstudio.com\/eu\/\" \/>\n<meta property=\"og:site_name\" content=\"Logar K Studio\" \/>\n<meta property=\"article:modified_time\" content=\"2026-03-23T10:27:19+00:00\" \/>\n<meta property=\"og:image\" content=\"https:\/\/logarkstudio.com\/wp-content\/uploads\/2026\/03\/83ff68a9-cd5b-432f-81e8-90e480dc07e9.png\" \/>\n<meta name=\"twitter:card\" content=\"summary_large_image\" \/>\n<meta name=\"twitter:label1\" content=\"Est. reading time\" \/>\n\t<meta name=\"twitter:data1\" content=\"1 minutua\" \/>\n<script type=\"application\/ld+json\" class=\"yoast-schema-graph\">{\"@context\":\"https:\\\/\\\/schema.org\",\"@graph\":[{\"@type\":\"WebPage\",\"@id\":\"https:\\\/\\\/logarkstudio.com\\\/\",\"url\":\"https:\\\/\\\/logarkstudio.com\\\/\",\"name\":\"Inicio - Logar K Studio\",\"isPartOf\":{\"@id\":\"https:\\\/\\\/logarkstudio.com\\\/#website\"},\"primaryImageOfPage\":{\"@id\":\"https:\\\/\\\/logarkstudio.com\\\/#primaryimage\"},\"image\":{\"@id\":\"https:\\\/\\\/logarkstudio.com\\\/#primaryimage\"},\"thumbnailUrl\":\"https:\\\/\\\/logarkstudio.com\\\/wp-content\\\/uploads\\\/2026\\\/03\\\/83ff68a9-cd5b-432f-81e8-90e480dc07e9.png\",\"datePublished\":\"2026-03-10T08:55:10+00:00\",\"dateModified\":\"2026-03-23T10:27:19+00:00\",\"breadcrumb\":{\"@id\":\"https:\\\/\\\/logarkstudio.com\\\/#breadcrumb\"},\"inLanguage\":\"eu\",\"potentialAction\":[{\"@type\":\"ReadAction\",\"target\":[\"https:\\\/\\\/logarkstudio.com\\\/\"]}]},{\"@type\":\"ImageObject\",\"inLanguage\":\"eu\",\"@id\":\"https:\\\/\\\/logarkstudio.com\\\/#primaryimage\",\"url\":\"https:\\\/\\\/logarkstudio.com\\\/wp-content\\\/uploads\\\/2026\\\/03\\\/83ff68a9-cd5b-432f-81e8-90e480dc07e9.png\",\"contentUrl\":\"https:\\\/\\\/logarkstudio.com\\\/wp-content\\\/uploads\\\/2026\\\/03\\\/83ff68a9-cd5b-432f-81e8-90e480dc07e9.png\"},{\"@type\":\"BreadcrumbList\",\"@id\":\"https:\\\/\\\/logarkstudio.com\\\/#breadcrumb\",\"itemListElement\":[{\"@type\":\"ListItem\",\"position\":1,\"name\":\"Portada\",\"item\":\"https:\\\/\\\/logarkstudio.com\\\/\"},{\"@type\":\"ListItem\",\"position\":2,\"name\":\"Inicio\"}]},{\"@type\":\"WebSite\",\"@id\":\"https:\\\/\\\/logarkstudio.com\\\/#website\",\"url\":\"https:\\\/\\\/logarkstudio.com\\\/\",\"name\":\"Logar K Studio\",\"description\":\"\",\"publisher\":{\"@id\":\"https:\\\/\\\/logarkstudio.com\\\/#organization\"},\"potentialAction\":[{\"@type\":\"SearchAction\",\"target\":{\"@type\":\"EntryPoint\",\"urlTemplate\":\"https:\\\/\\\/logarkstudio.com\\\/?s={search_term_string}\"},\"query-input\":{\"@type\":\"PropertyValueSpecification\",\"valueRequired\":true,\"valueName\":\"search_term_string\"}}],\"inLanguage\":\"eu\"},{\"@type\":\"Organization\",\"@id\":\"https:\\\/\\\/logarkstudio.com\\\/#organization\",\"name\":\"Logar K Studio\",\"url\":\"https:\\\/\\\/logarkstudio.com\\\/\",\"logo\":{\"@type\":\"ImageObject\",\"inLanguage\":\"eu\",\"@id\":\"https:\\\/\\\/logarkstudio.com\\\/#\\\/schema\\\/logo\\\/image\\\/\",\"url\":\"https:\\\/\\\/logarkstudio.com\\\/wp-content\\\/uploads\\\/2026\\\/03\\\/83ff68a9-cd5b-432f-81e8-90e480dc07e9.png\",\"contentUrl\":\"https:\\\/\\\/logarkstudio.com\\\/wp-content\\\/uploads\\\/2026\\\/03\\\/83ff68a9-cd5b-432f-81e8-90e480dc07e9.png\",\"width\":550,\"height\":282,\"caption\":\"Logar K Studio\"},\"image\":{\"@id\":\"https:\\\/\\\/logarkstudio.com\\\/#\\\/schema\\\/logo\\\/image\\\/\"}}]}<\/script>\n<!-- \/ Yoast SEO plugin. -->","yoast_head_json":{"title":"Inicio - Logar K Studio","robots":{"index":"index","follow":"follow","max-snippet":"max-snippet:-1","max-image-preview":"max-image-preview:large","max-video-preview":"max-video-preview:-1"},"canonical":"https:\/\/logarkstudio.com\/eu\/","og_locale":"en_US","og_type":"article","og_title":"Inicio - Logar K Studio","og_description":"LOGARK Studio Dise\u00f1amos y transformamos espacios a medida Proyectos de interiorismo y reformas integrales, cuidando cada detalle desde la idea inicial hasta la ejecuci\u00f3n final. Servicios LOGARK Studio LOGARK Studio nace como la evoluci\u00f3n natural de a\u00f1os de experiencia en el desarrollo de proyectos residenciales, reformas integrales e interiorismo, combinando una s\u00f3lida base t\u00e9cnica con [&hellip;]","og_url":"https:\/\/logarkstudio.com\/eu\/","og_site_name":"Logar K Studio","article_modified_time":"2026-03-23T10:27:19+00:00","og_image":[{"url":"https:\/\/logarkstudio.com\/wp-content\/uploads\/2026\/03\/83ff68a9-cd5b-432f-81e8-90e480dc07e9.png","type":"","width":"","height":""}],"twitter_card":"summary_large_image","twitter_misc":{"Est. reading time":"1 minutua"},"schema":{"@context":"https:\/\/schema.org","@graph":[{"@type":"WebPage","@id":"https:\/\/logarkstudio.com\/","url":"https:\/\/logarkstudio.com\/","name":"Inicio - Logar K Studio","isPartOf":{"@id":"https:\/\/logarkstudio.com\/#website"},"primaryImageOfPage":{"@id":"https:\/\/logarkstudio.com\/#primaryimage"},"image":{"@id":"https:\/\/logarkstudio.com\/#primaryimage"},"thumbnailUrl":"https:\/\/logarkstudio.com\/wp-content\/uploads\/2026\/03\/83ff68a9-cd5b-432f-81e8-90e480dc07e9.png","datePublished":"2026-03-10T08:55:10+00:00","dateModified":"2026-03-23T10:27:19+00:00","breadcrumb":{"@id":"https:\/\/logarkstudio.com\/#breadcrumb"},"inLanguage":"eu","potentialAction":[{"@type":"ReadAction","target":["https:\/\/logarkstudio.com\/"]}]},{"@type":"ImageObject","inLanguage":"eu","@id":"https:\/\/logarkstudio.com\/#primaryimage","url":"https:\/\/logarkstudio.com\/wp-content\/uploads\/2026\/03\/83ff68a9-cd5b-432f-81e8-90e480dc07e9.png","contentUrl":"https:\/\/logarkstudio.com\/wp-content\/uploads\/2026\/03\/83ff68a9-cd5b-432f-81e8-90e480dc07e9.png"},{"@type":"BreadcrumbList","@id":"https:\/\/logarkstudio.com\/#breadcrumb","itemListElement":[{"@type":"ListItem","position":1,"name":"Portada","item":"https:\/\/logarkstudio.com\/"},{"@type":"ListItem","position":2,"name":"Inicio"}]},{"@type":"WebSite","@id":"https:\/\/logarkstudio.com\/#website","url":"https:\/\/logarkstudio.com\/","name":"Logar K Studio","description":"","publisher":{"@id":"https:\/\/logarkstudio.com\/#organization"},"potentialAction":[{"@type":"SearchAction","target":{"@type":"EntryPoint","urlTemplate":"https:\/\/logarkstudio.com\/?s={search_term_string}"},"query-input":{"@type":"PropertyValueSpecification","valueRequired":true,"valueName":"search_term_string"}}],"inLanguage":"eu"},{"@type":"Organization","@id":"https:\/\/logarkstudio.com\/#organization","name":"Logar K Studio","url":"https:\/\/logarkstudio.com\/","logo":{"@type":"ImageObject","inLanguage":"eu","@id":"https:\/\/logarkstudio.com\/#\/schema\/logo\/image\/","url":"https:\/\/logarkstudio.com\/wp-content\/uploads\/2026\/03\/83ff68a9-cd5b-432f-81e8-90e480dc07e9.png","contentUrl":"https:\/\/logarkstudio.com\/wp-content\/uploads\/2026\/03\/83ff68a9-cd5b-432f-81e8-90e480dc07e9.png","width":550,"height":282,"caption":"Logar K Studio"},"image":{"@id":"https:\/\/logarkstudio.com\/#\/schema\/logo\/image\/"}}]}},"_links":{"self":[{"href":"https:\/\/logarkstudio.com\/eu\/wp-json\/wp\/v2\/pages\/9","targetHints":{"allow":["GET"]}}],"collection":[{"href":"https:\/\/logarkstudio.com\/eu\/wp-json\/wp\/v2\/pages"}],"about":[{"href":"https:\/\/logarkstudio.com\/eu\/wp-json\/wp\/v2\/types\/page"}],"author":[{"embeddable":true,"href":"https:\/\/logarkstudio.com\/eu\/wp-json\/wp\/v2\/users\/1"}],"replies":[{"embeddable":true,"href":"https:\/\/logarkstudio.com\/eu\/wp-json\/wp\/v2\/comments?post=9"}],"version-history":[{"count":62,"href":"https:\/\/logarkstudio.com\/eu\/wp-json\/wp\/v2\/pages\/9\/revisions"}],"predecessor-version":[{"id":482,"href":"https:\/\/logarkstudio.com\/eu\/wp-json\/wp\/v2\/pages\/9\/revisions\/482"}],"wp:attachment":[{"href":"https:\/\/logarkstudio.com\/eu\/wp-json\/wp\/v2\/media?parent=9"}],"curies":[{"name":"wp","href":"https:\/\/api.w.org\/{rel}","templated":true}]}}